{"id":2694,"date":"2025-05-18T23:23:00","date_gmt":"2025-05-18T20:23:00","guid":{"rendered":"https:\/\/priegamtos.lt\/contact\/"},"modified":"2025-05-27T13:25:01","modified_gmt":"2025-05-27T10:25:01","slug":"contact","status":"publish","type":"page","link":"https:\/\/priegamtos.lt\/en\/contact\/","title":{"rendered":"Contact"},"content":{"rendered":"\t\t<div data-elementor-type=\"wp-post\" data-elementor-id=\"2694\" class=\"elementor elementor-2694 elementor-247\" data-elementor-post-type=\"page\">\n\t\t\t\t\t\t<section class=\"elementor-section elementor-top-section elementor-element elementor-element-26d510a0 elementor-section-full_width elementor-section-height-min-height elementor-section-items-bottom elementor-section-height-default\" data-id=\"26d510a0\" data-element_type=\"section\" data-e-type=\"section\" data-settings=\"{&quot;background_background&quot;:&quot;classic&quot;}\">\n\t\t\t\t\t\t\t<div class=\"elementor-background-overlay\"><\/div>\n\t\t\t\t\t\t\t<div class=\"elementor-container elementor-column-gap-default\">\n\t\t\t\t\t<div class=\"elementor-column elementor-col-100 elementor-top-column elementor-element elementor-element-b32c7d2\" data-id=\"b32c7d2\" data-element_type=\"column\" data-e-type=\"column\">\n\t\t\t<div class=\"elementor-widget-wrap elementor-element-populated\">\n\t\t\t\t\t\t<div class=\"elementor-element elementor-element-562c13bf elementor-view-default elementor-position-top elementor-widget elementor-widget-themo-header\" data-id=\"562c13bf\" data-element_type=\"widget\" data-e-type=\"widget\" data-widget_type=\"themo-header.default\">\n\t\t\t\t<div class=\"elementor-widget-container\">\n\t\t\t\t\t\t\t<div class=\"th-header-wrap\">\n        <div class=\"elementor-icon-box-wrapper \">\n                            <div class=\"elementor-icon-box-content\">\n                    <h1 class=\"elementor-icon-box-title\">\n                        Contact                    <\/h1>\n                                        <p class=\"elementor-icon-box-description\"><\/p>\n\n                                    <\/div>\n            <\/div>\n\n        <\/div>\n\n\t\t\t\t\t\t<\/div>\n\t\t\t\t<\/div>\n\t\t\t\t\t<\/div>\n\t\t<\/div>\n\t\t\t\t\t<\/div>\n\t\t<\/section>\n\t\t\t\t<section class=\"elementor-section elementor-top-section elementor-element elementor-element-o7twky5 elementor-section-boxed elementor-section-height-default elementor-section-height-default\" data-id=\"o7twky5\" data-element_type=\"section\" data-e-type=\"section\">\n\t\t\t\t\t\t<div class=\"elementor-container elementor-column-gap-extended\">\n\t\t\t\t\t<div class=\"elementor-column elementor-col-50 elementor-top-column elementor-element elementor-element-xcn0qg2\" data-id=\"xcn0qg2\" data-element_type=\"column\" data-e-type=\"column\">\n\t\t\t<div class=\"elementor-widget-wrap elementor-element-populated\">\n\t\t\t\t\t\t<div class=\"elementor-element elementor-element-ewkxetx elementor-position-left elementor-view-default elementor-widget elementor-widget-themo-service-block\" data-id=\"ewkxetx\" data-element_type=\"widget\" data-e-type=\"widget\" data-widget_type=\"themo-service-block.default\">\n\t\t\t\t<div class=\"elementor-widget-container\">\n\t\t\t\t\t\t\t<div class=\"th-service-block-w\">\n            <div class=\"elementor-icon-box-wrapper th-show-icon\">\n                                    <div class=\"elementor-icon-box-icon th-icon-size-sm\">\n                        <a class=\"elementor-icon \" href=\"#link\">\n                            <i aria-hidden=\"true\" class=\"fasth-linea icon-basic-smartphone\"><\/i>                        <\/a>\n                    <\/div>\n                                <div class=\"elementor-icon-box-content\">\n                    <h4 class=\"elementor-icon-box-title\">\n                        <a href=\"#link\">+370 607 76773<\/a>\n                    <\/h4>\n                    <p class=\"elementor-icon-box-description\">Call us if you want to book a kayak or have any questions.<\/p>\n                <\/div>\n            <\/div>\n\n        <\/div>\n\n\t\t\t\t\t\t<\/div>\n\t\t\t\t<\/div>\n\t\t\t\t<div class=\"elementor-element elementor-element-chif2hj elementor-widget elementor-widget-spacer\" data-id=\"chif2hj\" data-element_type=\"widget\" data-e-type=\"widget\" data-widget_type=\"spacer.default\">\n\t\t\t\t<div class=\"elementor-widget-container\">\n\t\t\t\t\t\t\t<div class=\"elementor-spacer\">\n\t\t\t<div class=\"elementor-spacer-inner\"><\/div>\n\t\t<\/div>\n\t\t\t\t\t\t<\/div>\n\t\t\t\t<\/div>\n\t\t\t\t<div class=\"elementor-element elementor-element-pinzlyz elementor-position-left elementor-view-default elementor-widget elementor-widget-themo-service-block\" data-id=\"pinzlyz\" data-element_type=\"widget\" data-e-type=\"widget\" data-widget_type=\"themo-service-block.default\">\n\t\t\t\t<div class=\"elementor-widget-container\">\n\t\t\t\t\t\t\t<div class=\"th-service-block-w\">\n            <div class=\"elementor-icon-box-wrapper th-show-icon\">\n                                    <div class=\"elementor-icon-box-icon th-icon-size-sm\">\n                        <a class=\"elementor-icon \" href=\"#link\">\n                            <i aria-hidden=\"true\" class=\"fasth-linea icon-basic-mail\"><\/i>                        <\/a>\n                    <\/div>\n                                <div class=\"elementor-icon-box-content\">\n                    <h4 class=\"elementor-icon-box-title\">\n                        <a href=\"#link\">info@priegamtos.lt<\/a>\n                    <\/h4>\n                    <p class=\"elementor-icon-box-description\">Send us a message.<\/p>\n                <\/div>\n            <\/div>\n\n        <\/div>\n\n\t\t\t\t\t\t<\/div>\n\t\t\t\t<\/div>\n\t\t\t\t<div class=\"elementor-element elementor-element-5p7axkt elementor-widget elementor-widget-spacer\" data-id=\"5p7axkt\" data-element_type=\"widget\" data-e-type=\"widget\" data-widget_type=\"spacer.default\">\n\t\t\t\t<div class=\"elementor-widget-container\">\n\t\t\t\t\t\t\t<div class=\"elementor-spacer\">\n\t\t\t<div class=\"elementor-spacer-inner\"><\/div>\n\t\t<\/div>\n\t\t\t\t\t\t<\/div>\n\t\t\t\t<\/div>\n\t\t\t\t<div class=\"elementor-element elementor-element-kfel6yx elementor-position-left elementor-view-default elementor-widget elementor-widget-themo-service-block\" data-id=\"kfel6yx\" data-element_type=\"widget\" data-e-type=\"widget\" data-widget_type=\"themo-service-block.default\">\n\t\t\t\t<div class=\"elementor-widget-container\">\n\t\t\t\t\t\t\t<div class=\"th-service-block-w\">\n            <div class=\"elementor-icon-box-wrapper th-show-icon\">\n                                    <div class=\"elementor-icon-box-icon th-icon-size-sm\">\n                        <a class=\"elementor-icon \" href=\"#link\">\n                            <i aria-hidden=\"true\" class=\"fasth-trip travelpack-location-pin-1\"><\/i>                        <\/a>\n                    <\/div>\n                                <div class=\"elementor-icon-box-content\">\n                    <h4 class=\"elementor-icon-box-title\">\n                        <a href=\"#link\">Stasio Daknevi\u010diaus 3 street, Vaiteli\u0173 village, Klaip\u0117dos raj.<\/a>\n                    <\/h4>\n                    <p class=\"elementor-icon-box-description\">We find ourselves.<\/p>\n                <\/div>\n            <\/div>\n\n        <\/div>\n\n\t\t\t\t\t\t<\/div>\n\t\t\t\t<\/div>\n\t\t\t\t\t<\/div>\n\t\t<\/div>\n\t\t\t\t<div class=\"elementor-column elementor-col-50 elementor-top-column elementor-element elementor-element-mfjhgsy\" data-id=\"mfjhgsy\" data-element_type=\"column\" data-e-type=\"column\">\n\t\t\t<div class=\"elementor-widget-wrap elementor-element-populated\">\n\t\t\t\t\t\t<div class=\"elementor-element elementor-element-e0bedca elementor-widget elementor-widget-heading\" data-id=\"e0bedca\" data-element_type=\"widget\" data-e-type=\"widget\" data-widget_type=\"heading.default\">\n\t\t\t\t<div class=\"elementor-widget-container\">\n\t\t\t\t\t<h2 class=\"elementor-heading-title elementor-size-default\">Email us<\/h2>\t\t\t\t<\/div>\n\t\t\t\t<\/div>\n\t\t\t\t<div class=\"elementor-element elementor-element-c9511b4 elementor-widget__width-inherit elementor-button-align-stretch elementor-widget elementor-widget-form\" data-id=\"c9511b4\" data-element_type=\"widget\" data-e-type=\"widget\" data-settings=\"{&quot;step_next_label&quot;:&quot;Next&quot;,&quot;step_previous_label&quot;:&quot;Previous&quot;,&quot;button_width&quot;:&quot;100&quot;,&quot;step_type&quot;:&quot;number_text&quot;,&quot;step_icon_shape&quot;:&quot;circle&quot;}\" data-widget_type=\"form.default\">\n\t\t\t\t<div class=\"elementor-widget-container\">\n\t\t\t\t\t\t\t<form class=\"elementor-form\" method=\"post\" id=\"susisiekite_su_mumis\" name=\"Contact us\">\n\t\t\t<input type=\"hidden\" name=\"post_id\" value=\"2694\"\/>\n\t\t\t<input type=\"hidden\" name=\"form_id\" value=\"c9511b4\"\/>\n\t\t\t<input type=\"hidden\" name=\"referer_title\" value=\"Contact - Baidari\u0173 nuoma \u017demaitijoje\" \/>\n\n\t\t\t\t\t\t\t<input type=\"hidden\" name=\"queried_id\" value=\"2694\"\/>\n\t\t\t\n\t\t\t<div class=\"elementor-form-fields-wrapper elementor-labels-above\">\n\t\t\t\t\t\t\t\t<div class=\"elementor-field-type-text elementor-field-group elementor-column elementor-field-group-name elementor-col-100\">\n\t\t\t\t\t\t\t\t\t\t\t\t<label for=\"form-field-name\" class=\"elementor-field-label\">\n\t\t\t\t\t\t\t\tYour name\t\t\t\t\t\t\t<\/label>\n\t\t\t\t\t\t\t\t\t\t\t\t\t\t<input size=\"1\" type=\"text\" name=\"form_fields[name]\" id=\"form-field-name\" class=\"elementor-field elementor-size-md  elementor-field-textual\" placeholder=\"Your name\">\n\t\t\t\t\t\t\t\t\t\t\t<\/div>\n\t\t\t\t\t\t\t\t<div class=\"elementor-field-type-email elementor-field-group elementor-column elementor-field-group-email elementor-col-50 elementor-field-required elementor-mark-required\">\n\t\t\t\t\t\t\t\t\t\t\t\t<label for=\"form-field-email\" class=\"elementor-field-label\">\n\t\t\t\t\t\t\t\tYour Email\t\t\t\t\t\t\t<\/label>\n\t\t\t\t\t\t\t\t\t\t\t\t\t\t<input size=\"1\" type=\"email\" name=\"form_fields[email]\" id=\"form-field-email\" class=\"elementor-field elementor-size-md  elementor-field-textual\" placeholder=\"Your Email\" required=\"required\">\n\t\t\t\t\t\t\t\t\t\t\t<\/div>\n\t\t\t\t\t\t\t\t<div class=\"elementor-field-type-tel elementor-field-group elementor-column elementor-field-group-field_dbd67ad elementor-col-50 elementor-field-required elementor-mark-required\">\n\t\t\t\t\t\t\t\t\t\t\t\t<label for=\"form-field-field_dbd67ad\" class=\"elementor-field-label\">\n\t\t\t\t\t\t\t\tYour telephone number\t\t\t\t\t\t\t<\/label>\n\t\t\t\t\t\t\t\t<input size=\"1\" type=\"tel\" name=\"form_fields[field_dbd67ad]\" id=\"form-field-field_dbd67ad\" class=\"elementor-field elementor-size-md  elementor-field-textual\" placeholder=\"Your telephone number\" required=\"required\" pattern=\"[0-9()#&amp;+*-=.]+\" title=\"Only numbers and phone characters (#, -, *, etc) are accepted.\">\n\n\t\t\t\t\t\t<\/div>\n\t\t\t\t\t\t\t\t<div class=\"elementor-field-type-textarea elementor-field-group elementor-column elementor-field-group-message elementor-col-100 elementor-field-required elementor-mark-required\">\n\t\t\t\t\t\t\t\t\t\t\t\t<label for=\"form-field-message\" class=\"elementor-field-label\">\n\t\t\t\t\t\t\t\tYour question\t\t\t\t\t\t\t<\/label>\n\t\t\t\t\t\t<textarea class=\"elementor-field-textual elementor-field  elementor-size-md\" name=\"form_fields[message]\" id=\"form-field-message\" rows=\"4\" placeholder=\"Your question\" required=\"required\"><\/textarea>\t\t\t\t<\/div>\n\t\t\t\t\t\t\t\t<div class=\"elementor-field-type-recaptcha_v3 elementor-field-group elementor-column elementor-field-group-field_70dee7c elementor-col-100 recaptcha_v3-bottomleft\">\n\t\t\t\t\t<div class=\"elementor-field\" id=\"form-field-field_70dee7c\"><div class=\"elementor-g-recaptcha\" data-sitekey=\"6Le6cvgqAAAAAEzeFfrVUoXpiW4ovawYlp-kn1W6\" data-type=\"v3\" data-action=\"Form\" data-badge=\"bottomleft\" data-size=\"invisible\"><\/div><\/div>\t\t\t\t<\/div>\n\t\t\t\t\t\t\t\t<div class=\"elementor-field-group elementor-column elementor-field-type-submit elementor-col-100 e-form__buttons\">\n\t\t\t\t\t<button class=\"elementor-button elementor-size-md\" type=\"submit\">\n\t\t\t\t\t\t<span class=\"elementor-button-content-wrapper\">\n\t\t\t\t\t\t\t\t\t\t\t\t\t\t\t\t\t\t\t\t\t\t<span class=\"elementor-button-text\">Send<\/span>\n\t\t\t\t\t\t\t\t\t\t\t\t\t<\/span>\n\t\t\t\t\t<\/button>\n\t\t\t\t<\/div>\n\t\t\t<\/div>\n\t\t<\/form>\n\t\t\t\t\t\t<\/div>\n\t\t\t\t<\/div>\n\t\t\t\t\t<\/div>\n\t\t<\/div>\n\t\t\t\t\t<\/div>\n\t\t<\/section>\n\t\t\t\t<section class=\"elementor-section elementor-top-section elementor-element elementor-element-bqlt0sn elementor-section-boxed elementor-section-height-default elementor-section-height-default\" data-id=\"bqlt0sn\" data-element_type=\"section\" data-e-type=\"section\">\n\t\t\t\t\t\t<div class=\"elementor-container elementor-column-gap-default\">\n\t\t\t\t\t<div class=\"elementor-column elementor-col-100 elementor-top-column elementor-element elementor-element-gcm8twg\" data-id=\"gcm8twg\" data-element_type=\"column\" data-e-type=\"column\">\n\t\t\t<div class=\"elementor-widget-wrap elementor-element-populated\">\n\t\t\t\t\t\t<div class=\"elementor-element elementor-element-51xhzgf elementor-widget elementor-widget-spacer\" data-id=\"51xhzgf\" data-element_type=\"widget\" data-e-type=\"widget\" data-widget_type=\"spacer.default\">\n\t\t\t\t<div class=\"elementor-widget-container\">\n\t\t\t\t\t\t\t<div class=\"elementor-spacer\">\n\t\t\t<div class=\"elementor-spacer-inner\"><\/div>\n\t\t<\/div>\n\t\t\t\t\t\t<\/div>\n\t\t\t\t<\/div>\n\t\t\t\t\t<\/div>\n\t\t<\/div>\n\t\t\t\t\t<\/div>\n\t\t<\/section>\n\t\t\t\t<section class=\"elementor-section elementor-top-section elementor-element elementor-element-094404c elementor-section-boxed elementor-section-height-default elementor-section-height-default\" data-id=\"094404c\" data-element_type=\"section\" data-e-type=\"section\">\n\t\t\t\t\t\t<div class=\"elementor-container elementor-column-gap-default\">\n\t\t\t\t\t<div class=\"elementor-column elementor-col-100 elementor-top-column elementor-element elementor-element-f78a75d\" data-id=\"f78a75d\" data-element_type=\"column\" data-e-type=\"column\">\n\t\t\t<div class=\"elementor-widget-wrap elementor-element-populated\">\n\t\t\t\t\t\t<div class=\"elementor-element elementor-element-09af8ed elementor-widget elementor-widget-html\" data-id=\"09af8ed\" data-element_type=\"widget\" data-e-type=\"widget\" data-widget_type=\"html.default\">\n\t\t\t\t<div class=\"elementor-widget-container\">\n\t\t\t\t\t<iframe src=\"https:\/\/www.google.com\/maps\/embed?pb=!1m18!1m12!1m3!1d2059.0210142605683!2d21.371216976451453!3d55.79291428890137!2m3!1f0!2f0!3f0!3m2!1i1024!2i768!4f13.1!3m3!1m2!1s0x46e51febb14d1f13%3A0xde0a29c765c41acd!2sBaidari%C5%B3%20nuoma%20%22Prie%20Gamtos%22!5e1!3m2!1slt!2slt!4v1745998435644!5m2!1slt!2slt\" width=\"100%\" height=\"350\" style=\"border:0;\" allowfullscreen=\"\" loading=\"lazy\" referrerpolicy=\"no-referrer-when-downgrade\"><\/iframe>\t\t\t\t<\/div>\n\t\t\t\t<\/div>\n\t\t\t\t\t<\/div>\n\t\t<\/div>\n\t\t\t\t\t<\/div>\n\t\t<\/section>\n\t\t\t\t<\/div>\n\t\t","protected":false},"excerpt":{"rendered":"<p>Contact +370 607 76773 Call us if you want to book a kayak or have any questions. info@priegamtos.lt Send us a message. Stasio Daknevi\u010diaus 3 street, Vaiteli\u0173 village, Klaip\u0117dos raj. We find ourselves. Email us<\/p>\n","protected":false},"author":2,"featured_media":163,"parent":0,"menu_order":1,"comment_status":"closed","ping_status":"closed","template":"","meta":{"inline_featured_image":false,"footnotes":""},"class_list":["post-2694","page","type-page","status-publish","has-post-thumbnail","hentry"],"acf":[],"yoast_head":"<!-- This site is optimized with the Yoast SEO plugin v27.3 - https:\/\/yoast.com\/product\/yoast-seo-wordpress\/ -->\n<title>Contact - Baidari\u0173 nuoma \u017demaitijoje<\/title>\n<meta name=\"robots\" content=\"index, follow, max-snippet:-1, max-image-preview:large, max-video-preview:-1\" \/>\n<link rel=\"canonical\" href=\"https:\/\/priegamtos.lt\/en\/contact\/\" \/>\n<meta property=\"og:locale\" content=\"en_US\" \/>\n<meta property=\"og:type\" content=\"article\" \/>\n<meta property=\"og:title\" content=\"Contact - Baidari\u0173 nuoma \u017demaitijoje\" \/>\n<meta property=\"og:description\" content=\"Contact +370 607 76773 Call us if you want to book a kayak or have any questions. info@priegamtos.lt Send us a message. Stasio Daknevi\u010diaus 3 street, Vaiteli\u0173 village, Klaip\u0117dos raj. We find ourselves. Email us\" \/>\n<meta property=\"og:url\" content=\"https:\/\/priegamtos.lt\/en\/contact\/\" \/>\n<meta property=\"og:site_name\" content=\"Baidari\u0173 nuoma \u017demaitijoje\" \/>\n<meta property=\"article:modified_time\" content=\"2025-05-27T10:25:01+00:00\" \/>\n<meta property=\"og:image\" content=\"https:\/\/priegamtos.lt\/wp-content\/uploads\/2023\/07\/Rafting-12.jpg\" \/>\n\t<meta property=\"og:image:width\" content=\"1550\" \/>\n\t<meta property=\"og:image:height\" content=\"733\" \/>\n\t<meta property=\"og:image:type\" content=\"image\/jpeg\" \/>\n<meta name=\"twitter:card\" content=\"summary_large_image\" \/>\n<meta name=\"twitter:label1\" content=\"Est. reading time\" \/>\n\t<meta name=\"twitter:data1\" content=\"1 minute\" \/>\n<script type=\"application\/ld+json\" class=\"yoast-schema-graph\">{\"@context\":\"https:\\\/\\\/schema.org\",\"@graph\":[{\"@type\":\"WebPage\",\"@id\":\"https:\\\/\\\/priegamtos.lt\\\/en\\\/contact\\\/\",\"url\":\"https:\\\/\\\/priegamtos.lt\\\/en\\\/contact\\\/\",\"name\":\"Contact - Baidari\u0173 nuoma \u017demaitijoje\",\"isPartOf\":{\"@id\":\"https:\\\/\\\/priegamtos.lt\\\/en\\\/#website\"},\"primaryImageOfPage\":{\"@id\":\"https:\\\/\\\/priegamtos.lt\\\/en\\\/contact\\\/#primaryimage\"},\"image\":{\"@id\":\"https:\\\/\\\/priegamtos.lt\\\/en\\\/contact\\\/#primaryimage\"},\"thumbnailUrl\":\"https:\\\/\\\/priegamtos.lt\\\/wp-content\\\/uploads\\\/2023\\\/07\\\/Rafting-12.jpg\",\"datePublished\":\"2025-05-18T20:23:00+00:00\",\"dateModified\":\"2025-05-27T10:25:01+00:00\",\"breadcrumb\":{\"@id\":\"https:\\\/\\\/priegamtos.lt\\\/en\\\/contact\\\/#breadcrumb\"},\"inLanguage\":\"en-US\",\"potentialAction\":[{\"@type\":\"ReadAction\",\"target\":[\"https:\\\/\\\/priegamtos.lt\\\/en\\\/contact\\\/\"]}]},{\"@type\":\"ImageObject\",\"inLanguage\":\"en-US\",\"@id\":\"https:\\\/\\\/priegamtos.lt\\\/en\\\/contact\\\/#primaryimage\",\"url\":\"https:\\\/\\\/priegamtos.lt\\\/wp-content\\\/uploads\\\/2023\\\/07\\\/Rafting-12.jpg\",\"contentUrl\":\"https:\\\/\\\/priegamtos.lt\\\/wp-content\\\/uploads\\\/2023\\\/07\\\/Rafting-12.jpg\",\"width\":1550,\"height\":733},{\"@type\":\"BreadcrumbList\",\"@id\":\"https:\\\/\\\/priegamtos.lt\\\/en\\\/contact\\\/#breadcrumb\",\"itemListElement\":[{\"@type\":\"ListItem\",\"position\":1,\"name\":\"Home\",\"item\":\"https:\\\/\\\/priegamtos.lt\\\/en\\\/\"},{\"@type\":\"ListItem\",\"position\":2,\"name\":\"Contact\"}]},{\"@type\":\"WebSite\",\"@id\":\"https:\\\/\\\/priegamtos.lt\\\/en\\\/#website\",\"url\":\"https:\\\/\\\/priegamtos.lt\\\/en\\\/\",\"name\":\"Baidari\u0173 nuoma \u017demaitijoje\",\"description\":\"\",\"publisher\":{\"@id\":\"https:\\\/\\\/priegamtos.lt\\\/en\\\/#organization\"},\"potentialAction\":[{\"@type\":\"SearchAction\",\"target\":{\"@type\":\"EntryPoint\",\"urlTemplate\":\"https:\\\/\\\/priegamtos.lt\\\/en\\\/?s={search_term_string}\"},\"query-input\":{\"@type\":\"PropertyValueSpecification\",\"valueRequired\":true,\"valueName\":\"search_term_string\"}}],\"inLanguage\":\"en-US\"},{\"@type\":\"Organization\",\"@id\":\"https:\\\/\\\/priegamtos.lt\\\/en\\\/#organization\",\"name\":\"Baidari\u0173 nuoma \u017demaitijoje\",\"url\":\"https:\\\/\\\/priegamtos.lt\\\/en\\\/\",\"logo\":{\"@type\":\"ImageObject\",\"inLanguage\":\"en-US\",\"@id\":\"https:\\\/\\\/priegamtos.lt\\\/en\\\/#\\\/schema\\\/logo\\\/image\\\/\",\"url\":\"https:\\\/\\\/priegamtos.lt\\\/wp-content\\\/uploads\\\/2023\\\/07\\\/pregamtos_logo_white.png\",\"contentUrl\":\"https:\\\/\\\/priegamtos.lt\\\/wp-content\\\/uploads\\\/2023\\\/07\\\/pregamtos_logo_white.png\",\"width\":339,\"height\":251,\"caption\":\"Baidari\u0173 nuoma \u017demaitijoje\"},\"image\":{\"@id\":\"https:\\\/\\\/priegamtos.lt\\\/en\\\/#\\\/schema\\\/logo\\\/image\\\/\"}}]}<\/script>\n<!-- \/ Yoast SEO plugin. -->","yoast_head_json":{"title":"Contact - Baidari\u0173 nuoma \u017demaitijoje","robots":{"index":"index","follow":"follow","max-snippet":"max-snippet:-1","max-image-preview":"max-image-preview:large","max-video-preview":"max-video-preview:-1"},"canonical":"https:\/\/priegamtos.lt\/en\/contact\/","og_locale":"en_US","og_type":"article","og_title":"Contact - Baidari\u0173 nuoma \u017demaitijoje","og_description":"Contact +370 607 76773 Call us if you want to book a kayak or have any questions. info@priegamtos.lt Send us a message. Stasio Daknevi\u010diaus 3 street, Vaiteli\u0173 village, Klaip\u0117dos raj. We find ourselves. Email us","og_url":"https:\/\/priegamtos.lt\/en\/contact\/","og_site_name":"Baidari\u0173 nuoma \u017demaitijoje","article_modified_time":"2025-05-27T10:25:01+00:00","og_image":[{"width":1550,"height":733,"url":"https:\/\/priegamtos.lt\/wp-content\/uploads\/2023\/07\/Rafting-12.jpg","type":"image\/jpeg"}],"twitter_card":"summary_large_image","twitter_misc":{"Est. reading time":"1 minute"},"schema":{"@context":"https:\/\/schema.org","@graph":[{"@type":"WebPage","@id":"https:\/\/priegamtos.lt\/en\/contact\/","url":"https:\/\/priegamtos.lt\/en\/contact\/","name":"Contact - Baidari\u0173 nuoma \u017demaitijoje","isPartOf":{"@id":"https:\/\/priegamtos.lt\/en\/#website"},"primaryImageOfPage":{"@id":"https:\/\/priegamtos.lt\/en\/contact\/#primaryimage"},"image":{"@id":"https:\/\/priegamtos.lt\/en\/contact\/#primaryimage"},"thumbnailUrl":"https:\/\/priegamtos.lt\/wp-content\/uploads\/2023\/07\/Rafting-12.jpg","datePublished":"2025-05-18T20:23:00+00:00","dateModified":"2025-05-27T10:25:01+00:00","breadcrumb":{"@id":"https:\/\/priegamtos.lt\/en\/contact\/#breadcrumb"},"inLanguage":"en-US","potentialAction":[{"@type":"ReadAction","target":["https:\/\/priegamtos.lt\/en\/contact\/"]}]},{"@type":"ImageObject","inLanguage":"en-US","@id":"https:\/\/priegamtos.lt\/en\/contact\/#primaryimage","url":"https:\/\/priegamtos.lt\/wp-content\/uploads\/2023\/07\/Rafting-12.jpg","contentUrl":"https:\/\/priegamtos.lt\/wp-content\/uploads\/2023\/07\/Rafting-12.jpg","width":1550,"height":733},{"@type":"BreadcrumbList","@id":"https:\/\/priegamtos.lt\/en\/contact\/#breadcrumb","itemListElement":[{"@type":"ListItem","position":1,"name":"Home","item":"https:\/\/priegamtos.lt\/en\/"},{"@type":"ListItem","position":2,"name":"Contact"}]},{"@type":"WebSite","@id":"https:\/\/priegamtos.lt\/en\/#website","url":"https:\/\/priegamtos.lt\/en\/","name":"Baidari\u0173 nuoma \u017demaitijoje","description":"","publisher":{"@id":"https:\/\/priegamtos.lt\/en\/#organization"},"potentialAction":[{"@type":"SearchAction","target":{"@type":"EntryPoint","urlTemplate":"https:\/\/priegamtos.lt\/en\/?s={search_term_string}"},"query-input":{"@type":"PropertyValueSpecification","valueRequired":true,"valueName":"search_term_string"}}],"inLanguage":"en-US"},{"@type":"Organization","@id":"https:\/\/priegamtos.lt\/en\/#organization","name":"Baidari\u0173 nuoma \u017demaitijoje","url":"https:\/\/priegamtos.lt\/en\/","logo":{"@type":"ImageObject","inLanguage":"en-US","@id":"https:\/\/priegamtos.lt\/en\/#\/schema\/logo\/image\/","url":"https:\/\/priegamtos.lt\/wp-content\/uploads\/2023\/07\/pregamtos_logo_white.png","contentUrl":"https:\/\/priegamtos.lt\/wp-content\/uploads\/2023\/07\/pregamtos_logo_white.png","width":339,"height":251,"caption":"Baidari\u0173 nuoma \u017demaitijoje"},"image":{"@id":"https:\/\/priegamtos.lt\/en\/#\/schema\/logo\/image\/"}}]}},"_links":{"self":[{"href":"https:\/\/priegamtos.lt\/en\/wp-json\/wp\/v2\/pages\/2694","targetHints":{"allow":["GET"]}}],"collection":[{"href":"https:\/\/priegamtos.lt\/en\/wp-json\/wp\/v2\/pages"}],"about":[{"href":"https:\/\/priegamtos.lt\/en\/wp-json\/wp\/v2\/types\/page"}],"author":[{"embeddable":true,"href":"https:\/\/priegamtos.lt\/en\/wp-json\/wp\/v2\/users\/2"}],"replies":[{"embeddable":true,"href":"https:\/\/priegamtos.lt\/en\/wp-json\/wp\/v2\/comments?post=2694"}],"version-history":[{"count":4,"href":"https:\/\/priegamtos.lt\/en\/wp-json\/wp\/v2\/pages\/2694\/revisions"}],"predecessor-version":[{"id":2782,"href":"https:\/\/priegamtos.lt\/en\/wp-json\/wp\/v2\/pages\/2694\/revisions\/2782"}],"wp:featuredmedia":[{"embeddable":true,"href":"https:\/\/priegamtos.lt\/en\/wp-json\/wp\/v2\/media\/163"}],"wp:attachment":[{"href":"https:\/\/priegamtos.lt\/en\/wp-json\/wp\/v2\/media?parent=2694"}],"curies":[{"name":"wp","href":"https:\/\/api.w.org\/{rel}","templated":true}]}}